{"id":3720,"date":"2026-03-03T15:31:51","date_gmt":"2026-03-03T14:31:51","guid":{"rendered":"https:\/\/akademiaosteopatii.pl\/sklep\/?post_type=product&#038;p=3720"},"modified":"2026-03-16T07:05:56","modified_gmt":"2026-03-16T06:05:56","slug":"osteopatia-w-pediatrii","status":"publish","type":"product","link":"https:\/\/akademiaosteopatii.pl\/sklep\/produkt\/osteopatia-w-pediatrii\/","title":{"rendered":"Osteopatia w pediatrii"},"content":{"rendered":"<p><b>Prowadz\u0105cy: <\/b>\u0141ukasz Ciesielski, Magdalena Czajkowska, Michael Vittoria, Jolanta Uhmann, Katarzyna \u015alugaj, Samantta Fennell,<br \/>\n<b><\/b><\/p>\n<p><b>Data modu\u0142 I:<\/b> 12-14.02.2027 r.<b><\/b><\/p>\n<p><strong>Gdzie:<\/strong> Krak\u00f3w<\/p>\n<p><strong>Cena:<\/strong> 630 euro\/modu\u0142*<br \/>\n*Warunkiem rezerwacji miejsca jest op\u0142ata wpisowa 300 Euro (zaliczana na poczet ostatniego zjazdu).<\/p>\n<p><b>Master Cours przeznaczony dla:<\/b><\/p>\n<ul>\n<li>S\u0142uchaczy Akademii Osteopatii (od 3 roku),<\/li>\n<li>Absolwent\u00f3w Akademii Osteopatii,<\/li>\n<li>Absolwent\u00f3w innych szko\u0142y osteopatycznych<\/li>\n<\/ul>\n<p>&nbsp;<\/p>\n<p>&nbsp;<\/p>\n","protected":false},"excerpt":{"rendered":"<p>Prowadz\u0105cy: \u0141ukasz Ciesielski, Magdalena Czajkowska, Michael Vittoria, Jolanta Uhmann, Katarzyna \u015alugaj, Samantta Fennell, Data modu\u0142 I: 12-14.02.2027 r. Gdzie: Krak\u00f3w Cena: 630 euro\/modu\u0142* *Warunkiem rezerwacji miejsca jest op\u0142ata wpisowa 300 Euro (zaliczana na poczet ostatniego zjazdu). Master Cours przeznaczony dla: S\u0142uchaczy Akademii Osteopatii (od 3 roku), Absolwent\u00f3w Akademii Osteopatii, Absolwent\u00f3w innych szko\u0142y osteopatycznych &nbsp; &nbsp;<\/p>\n","protected":false},"featured_media":3781,"template":"","meta":{"inline_featured_image":false},"product_brand":[],"product_cat":[41],"product_tag":[],"class_list":{"0":"post-3720","1":"product","2":"type-product","3":"status-publish","4":"has-post-thumbnail","6":"product_cat-master-course","8":"first","9":"instock","10":"virtual","11":"taxable","12":"purchasable","13":"product-type-simple"},"_links":{"self":[{"href":"https:\/\/akademiaosteopatii.pl\/sklep\/wp-json\/wp\/v2\/product\/3720","targetHints":{"allow":["GET"]}}],"collection":[{"href":"https:\/\/akademiaosteopatii.pl\/sklep\/wp-json\/wp\/v2\/product"}],"about":[{"href":"https:\/\/akademiaosteopatii.pl\/sklep\/wp-json\/wp\/v2\/types\/product"}],"wp:featuredmedia":[{"embeddable":true,"href":"https:\/\/akademiaosteopatii.pl\/sklep\/wp-json\/wp\/v2\/media\/3781"}],"wp:attachment":[{"href":"https:\/\/akademiaosteopatii.pl\/sklep\/wp-json\/wp\/v2\/media?parent=3720"}],"wp:term":[{"taxonomy":"product_brand","embeddable":true,"href":"https:\/\/akademiaosteopatii.pl\/sklep\/wp-json\/wp\/v2\/product_brand?post=3720"},{"taxonomy":"product_cat","embeddable":true,"href":"https:\/\/akademiaosteopatii.pl\/sklep\/wp-json\/wp\/v2\/product_cat?post=3720"},{"taxonomy":"product_tag","embeddable":true,"href":"https:\/\/akademiaosteopatii.pl\/sklep\/wp-json\/wp\/v2\/product_tag?post=3720"}],"curies":[{"name":"wp","href":"https:\/\/api.w.org\/{rel}","templated":true}]}}