{"id":3716,"date":"2026-02-13T07:59:07","date_gmt":"2026-02-13T06:59:07","guid":{"rendered":"https:\/\/akademiaosteopatii.pl\/sklep\/?post_type=product&#038;p=3716"},"modified":"2026-03-16T07:05:08","modified_gmt":"2026-03-16T06:05:08","slug":"anatomia-sekcyjna-miednica","status":"publish","type":"product","link":"https:\/\/akademiaosteopatii.pl\/sklep\/produkt\/anatomia-sekcyjna-miednica\/","title":{"rendered":"Anatomia sekcyjna: MIEDNICA"},"content":{"rendered":"<p><strong>Prowadz\u0105cy<\/strong>: dr hab. n. med. prof. UZ Agnieszka Zi\u00f3\u0142kowska, dr Leszek Porowski, dr Agnieszka Kilanowska<\/p>\n<p><strong>Data:<\/strong> 21 wrzesie\u0144 2026 r.<\/p>\n<p><strong>Gdzie:<\/strong> Pozna\u0144 LAB<\/p>\n<p><strong>Master Cours przeznaczony dla:<\/strong><\/p>\n<p>Absolwent\u00f3w Akademii Osteopatii,<br \/>\nAbsolwent\u00f3w innych szko\u0142y osteopatycznych<br \/>\nFizjoterapeut\u00f3w,<br \/>\nOsteopat\u00f3w<br \/>\nS\u0142uchacze szk\u00f3\u0142 osteopatycznych,<br \/>\nPozosta\u0142e zawody medyczne<br \/>\nStudent\u00f3w kierunk\u00f3w medycznych<\/p>\n<p><strong>Cena:<\/strong> 1800 z\u0142<\/p>\n<p>*Warunkiem rezerwacji miejsca jest wp\u0142ata zaliczki w wysoko\u015bci 800 z\u0142.<br \/>\nDecyduje kolejno\u015b\u0107 zg\u0142osze\u0144.<\/p>\n<p>S\u0142uchacze i absolwenci Akademii Osteopatii maj\u0105 pierwsze\u0144stwo zg\u0142osze\u0144.<\/p>\n<p>&nbsp;<\/p>\n","protected":false},"excerpt":{"rendered":"<p>Prowadz\u0105cy: dr hab. n. med. prof. UZ Agnieszka Zi\u00f3\u0142kowska, dr Leszek Porowski, dr Agnieszka Kilanowska Data: 21 wrzesie\u0144 2026 r. Gdzie: Pozna\u0144 LAB Master Cours przeznaczony dla: Absolwent\u00f3w Akademii Osteopatii, Absolwent\u00f3w innych szko\u0142y osteopatycznych Fizjoterapeut\u00f3w, Osteopat\u00f3w S\u0142uchacze szk\u00f3\u0142 osteopatycznych, Pozosta\u0142e zawody medyczne Student\u00f3w kierunk\u00f3w medycznych Cena: 1800 z\u0142 *Warunkiem rezerwacji miejsca jest wp\u0142ata zaliczki w [&hellip;]<\/p>\n","protected":false},"featured_media":3779,"template":"","meta":{"inline_featured_image":false},"product_brand":[],"product_cat":[41],"product_tag":[],"class_list":{"0":"post-3716","1":"product","2":"type-product","3":"status-publish","4":"has-post-thumbnail","6":"product_cat-master-course","8":"first","9":"instock","10":"virtual","11":"taxable","12":"purchasable","13":"product-type-simple"},"_links":{"self":[{"href":"https:\/\/akademiaosteopatii.pl\/sklep\/wp-json\/wp\/v2\/product\/3716","targetHints":{"allow":["GET"]}}],"collection":[{"href":"https:\/\/akademiaosteopatii.pl\/sklep\/wp-json\/wp\/v2\/product"}],"about":[{"href":"https:\/\/akademiaosteopatii.pl\/sklep\/wp-json\/wp\/v2\/types\/product"}],"wp:featuredmedia":[{"embeddable":true,"href":"https:\/\/akademiaosteopatii.pl\/sklep\/wp-json\/wp\/v2\/media\/3779"}],"wp:attachment":[{"href":"https:\/\/akademiaosteopatii.pl\/sklep\/wp-json\/wp\/v2\/media?parent=3716"}],"wp:term":[{"taxonomy":"product_brand","embeddable":true,"href":"https:\/\/akademiaosteopatii.pl\/sklep\/wp-json\/wp\/v2\/product_brand?post=3716"},{"taxonomy":"product_cat","embeddable":true,"href":"https:\/\/akademiaosteopatii.pl\/sklep\/wp-json\/wp\/v2\/product_cat?post=3716"},{"taxonomy":"product_tag","embeddable":true,"href":"https:\/\/akademiaosteopatii.pl\/sklep\/wp-json\/wp\/v2\/product_tag?post=3716"}],"curies":[{"name":"wp","href":"https:\/\/api.w.org\/{rel}","templated":true}]}}