{"id":3697,"date":"2026-02-09T15:16:30","date_gmt":"2026-02-09T14:16:30","guid":{"rendered":"https:\/\/akademiaosteopatii.pl\/sklep\/?post_type=product&#038;p=3697"},"modified":"2026-03-16T07:05:28","modified_gmt":"2026-03-16T06:05:28","slug":"osteopatia-jako-wspomaganie-plodnosci","status":"publish","type":"product","link":"https:\/\/akademiaosteopatii.pl\/sklep\/produkt\/osteopatia-jako-wspomaganie-plodnosci\/","title":{"rendered":"Osteopatia jako wspomaganie p\u0142odno\u015bci"},"content":{"rendered":"<p><b>Prowadz\u0105cy: <\/b>DO, MRO.F, Med. Francois Allart<br \/>\n<b><\/b><\/p>\n<p><b>Data:\u00a0<\/b>23-25 pa\u017adziernik 2026<b><\/b><b><\/b><\/p>\n<p><strong>Cena<\/strong>: 520 Euro*<br \/>\n*Warunkiem rezerwacji miejsca jest wp\u0142ata zaliczki w wysoko\u015bci 200 euro.<\/p>\n<p><b>Master Cours przeznaczony dla:<\/b><\/p>\n<ul>\n<li>S\u0142uchaczy Akademii Osteopatii (od 4 roku),<\/li>\n<li>Absolwent\u00f3w Akademii Osteopatii,<\/li>\n<li>Absolwent\u00f3w innych szko\u0142y osteopatycznych<\/li>\n<\/ul>\n<p>&nbsp;<\/p>\n<p>Decyduje kolejno\u015b\u0107 zg\u0142osze\u0144.<br \/>\nS\u0142uchacze i absolwenci Akademii Osteopatii maj\u0105 pierwsze\u0144stwo zg\u0142osze\u0144.<\/p>\n","protected":false},"excerpt":{"rendered":"<p>Prowadz\u0105cy: DO, MRO.F, Med. Francois Allart Data:\u00a023-25 pa\u017adziernik 2026 Cena: 520 Euro* *Warunkiem rezerwacji miejsca jest wp\u0142ata zaliczki w wysoko\u015bci 200 euro. Master Cours przeznaczony dla: S\u0142uchaczy Akademii Osteopatii (od 4 roku), Absolwent\u00f3w Akademii Osteopatii, Absolwent\u00f3w innych szko\u0142y osteopatycznych &nbsp; Decyduje kolejno\u015b\u0107 zg\u0142osze\u0144. S\u0142uchacze i absolwenci Akademii Osteopatii maj\u0105 pierwsze\u0144stwo zg\u0142osze\u0144.<\/p>\n","protected":false},"featured_media":3780,"template":"","meta":{"inline_featured_image":false},"product_brand":[],"product_cat":[41],"product_tag":[],"class_list":{"0":"post-3697","1":"product","2":"type-product","3":"status-publish","4":"has-post-thumbnail","6":"product_cat-master-course","8":"first","9":"instock","10":"virtual","11":"taxable","12":"purchasable","13":"product-type-simple"},"_links":{"self":[{"href":"https:\/\/akademiaosteopatii.pl\/sklep\/wp-json\/wp\/v2\/product\/3697","targetHints":{"allow":["GET"]}}],"collection":[{"href":"https:\/\/akademiaosteopatii.pl\/sklep\/wp-json\/wp\/v2\/product"}],"about":[{"href":"https:\/\/akademiaosteopatii.pl\/sklep\/wp-json\/wp\/v2\/types\/product"}],"wp:featuredmedia":[{"embeddable":true,"href":"https:\/\/akademiaosteopatii.pl\/sklep\/wp-json\/wp\/v2\/media\/3780"}],"wp:attachment":[{"href":"https:\/\/akademiaosteopatii.pl\/sklep\/wp-json\/wp\/v2\/media?parent=3697"}],"wp:term":[{"taxonomy":"product_brand","embeddable":true,"href":"https:\/\/akademiaosteopatii.pl\/sklep\/wp-json\/wp\/v2\/product_brand?post=3697"},{"taxonomy":"product_cat","embeddable":true,"href":"https:\/\/akademiaosteopatii.pl\/sklep\/wp-json\/wp\/v2\/product_cat?post=3697"},{"taxonomy":"product_tag","embeddable":true,"href":"https:\/\/akademiaosteopatii.pl\/sklep\/wp-json\/wp\/v2\/product_tag?post=3697"}],"curies":[{"name":"wp","href":"https:\/\/api.w.org\/{rel}","templated":true}]}}