{"id":2359,"date":"2024-05-24T13:35:36","date_gmt":"2024-05-24T11:35:36","guid":{"rendered":"https:\/\/akademia-sklep.jellydev.pl\/?post_type=product&#038;p=2359"},"modified":"2025-12-17T10:55:54","modified_gmt":"2025-12-17T09:55:54","slug":"ksiazka","status":"publish","type":"product","link":"https:\/\/akademiaosteopatii.pl\/sklep\/produkt\/ksiazka\/","title":{"rendered":"Ksi\u0105\u017cka &#8222;Osteopatia trzewna&#8221;"},"content":{"rendered":"<p><strong>Osteopatia trzewna<\/strong> to jeden z kluczowych filar\u00f3w osteopatii, a niniejsza ksi\u0105\u017cka stanowi kompletny, praktyczny przewodnik \u0142\u0105cz\u0105cy teori\u0119 z praktyk\u0105. Jest dedykowana osteopatom, fizjoterapeutom i terapeutom manualnym. Autorzy krok po kroku przedstawiaj\u0105 w niej szczeg\u00f3\u0142owe techniki diagnostyczne i terapeutyczne. Dzi\u0119ki precyzyjnym opisom, ilustracjom oraz nowoczesnym rozwi\u0105zaniom publikacja ta pozwala lepiej zrozumie\u0107, diagnozowa\u0107 i leczy\u0107 dysfunkcje narz\u0105d\u00f3w wewn\u0119trznych.<\/p>\n<p><strong>Fran\u00e7ois Allart<\/strong><\/p>\n<p>Absolwent <em>European School of Osteopathy<\/em> (ESO) w Maidstone, Wielka Brytania (1989), studi\u00f3w wy\u017cszych w zakresie praktyk spo\u0142ecznych (2011) oraz zarz\u0105dzania edukacj\u0105 na <em>Universit\u00e9 Fran\u00e7ois-Rabelais<\/em> w Tours (2013).<\/p>\n<p>Specjalizuje si\u0119 w osteopatii trzewnej, \u0142\u0105cz\u0105c dzia\u0142alno\u015b\u0107 terapeutyczn\u0105 z prac\u0105 dydaktyczn\u0105 i wyst\u0105pieniami na mi\u0119dzynarodowych konferencjach. Prowadzi zaj\u0119cia we Francji, Hiszpanii, Wielkiej Brytanii, Norwegii i Szwajcarii.<\/p>\n<p>Od 2015 roku wyk\u0142ada w Polsce, w Akademii Osteopatii.<\/p>\n<p><strong>Florian Walzinger<\/strong><\/p>\n<p>Absolwent Swiss School of Osteopathy w Belmont-sur-Lausanne (2002).<\/p>\n<p>Specjalizuje si\u0119 w osteopatii trzewnej i pediatrycznej, a tak\u017ce w psychosomatyce. Prowadzi w\u0142asny gabinet oraz \u015bci\u015ble wsp\u00f3\u0142pracuje z czo\u0142owymi sportowcami.<\/p>\n<p>Od 2015 roku wyk\u0142ada w <em>Swiss College of Osteopathy<\/em> (HES), gdzie od 2020 roku pe\u0142ni funkcj\u0119 kierownika Dzia\u0142u Terapii Trzewnej. Od 2018 roku wyk\u0142ada w <em>STOA-Medicines<\/em> w Szwajcarii oraz w Polsce, w Akademii Osteopatii.<\/p>\n<p>&nbsp;<\/p>\n<p>Liczba stron: 149<\/p>\n<p><strong>Spis tre\u015bci<\/strong><\/p>\n<p>Przedmowa 6<br \/>\nS\u0142owo wst\u0119pne 7<br \/>\nWst\u0119p 8<br \/>\nPodej\u015bcie do pacjenta 12<br \/>\nW\u0105troba 20<br \/>\nP\u0119cherzyk \u017c\u00f3\u0142ciowy 34<br \/>\n\u017bo\u0142\u0105dek 41<br \/>\nKompleks dwunastnica-trzustka 54<br \/>\nDwunastnica 55<br \/>\nTrzustka 74<br \/>\n\u015aledziona 83<br \/>\nJelito cienkie 93<br \/>\nOkr\u0119\u017cnica 116<br \/>\nWnioski 145<br \/>\nBibliografia 146<br \/>\nGlosariusz 147<br \/>\nSkorowidz 148<\/p>\n","protected":false},"excerpt":{"rendered":"<p>Osteopatia trzewna to jeden z kluczowych filar\u00f3w osteopatii, a niniejsza ksi\u0105\u017cka stanowi kompletny, praktyczny przewodnik \u0142\u0105cz\u0105cy teori\u0119 z praktyk\u0105. Jest dedykowana osteopatom, fizjoterapeutom i terapeutom manualnym. Autorzy krok po kroku przedstawiaj\u0105 w niej szczeg\u00f3\u0142owe techniki diagnostyczne i terapeutyczne. Dzi\u0119ki precyzyjnym opisom, ilustracjom oraz nowoczesnym rozwi\u0105zaniom publikacja ta pozwala lepiej zrozumie\u0107, diagnozowa\u0107 i leczy\u0107 dysfunkcje narz\u0105d\u00f3w [&hellip;]<\/p>\n","protected":false},"featured_media":2546,"template":"","meta":{"inline_featured_image":false},"product_brand":[],"product_cat":[36],"product_tag":[39,40],"class_list":{"0":"post-2359","1":"product","2":"type-product","3":"status-publish","4":"has-post-thumbnail","6":"product_cat-books","7":"product_tag-ksiazka","8":"product_tag-osteopatia-trzewna","10":"first","11":"instock","12":"taxable","13":"shipping-taxable","14":"purchasable","15":"product-type-simple"},"_links":{"self":[{"href":"https:\/\/akademiaosteopatii.pl\/sklep\/wp-json\/wp\/v2\/product\/2359","targetHints":{"allow":["GET"]}}],"collection":[{"href":"https:\/\/akademiaosteopatii.pl\/sklep\/wp-json\/wp\/v2\/product"}],"about":[{"href":"https:\/\/akademiaosteopatii.pl\/sklep\/wp-json\/wp\/v2\/types\/product"}],"wp:featuredmedia":[{"embeddable":true,"href":"https:\/\/akademiaosteopatii.pl\/sklep\/wp-json\/wp\/v2\/media\/2546"}],"wp:attachment":[{"href":"https:\/\/akademiaosteopatii.pl\/sklep\/wp-json\/wp\/v2\/media?parent=2359"}],"wp:term":[{"taxonomy":"product_brand","embeddable":true,"href":"https:\/\/akademiaosteopatii.pl\/sklep\/wp-json\/wp\/v2\/product_brand?post=2359"},{"taxonomy":"product_cat","embeddable":true,"href":"https:\/\/akademiaosteopatii.pl\/sklep\/wp-json\/wp\/v2\/product_cat?post=2359"},{"taxonomy":"product_tag","embeddable":true,"href":"https:\/\/akademiaosteopatii.pl\/sklep\/wp-json\/wp\/v2\/product_tag?post=2359"}],"curies":[{"name":"wp","href":"https:\/\/api.w.org\/{rel}","templated":true}]}}