{"id":1797,"date":"2022-06-01T15:45:27","date_gmt":"2022-06-01T13:45:27","guid":{"rendered":"https:\/\/akademia-sklep.jellydev.pl\/produkt\/bluza-damska-czarna-emblematy-zip-logo-z-tylu\/"},"modified":"2025-03-17T11:49:25","modified_gmt":"2025-03-17T10:49:25","slug":"bluza-damska-czarna-emblematy-zip-logo-z-tylu","status":"publish","type":"product","link":"https:\/\/akademiaosteopatii.pl\/sklep\/produkt\/bluza-damska-czarna-emblematy-zip-logo-z-tylu\/","title":{"rendered":"Bluza ZIP LOGO czarna\/bia\u0142a"},"content":{"rendered":"<p style=\"text-align: left;\">Dopasowana, damska rozpinana bluza z kapturem. Na piersi oraz na plecach posiada nadruk z logo Akademii Osteopatii. Dodatkowo ma dwie kieszenie z przodu oraz \u015bci\u0105gacze. Wykonana z wysokiej jako\u015bci materia\u0142\u00f3w:<\/p>\n<p style=\"text-align: left;\">80% Bawe\u0142na organiczna, 20% Poliester z recyklingu<\/p>\n<p style=\"text-align: left;\">Gramatura: 280 g\/m2<\/p>\n<p style=\"text-align: left;\">Certfikaty: GOTS Fairtrade Cotton Nordic Swan Ecolabel Oeko-Tex<\/p>\n<p>Twoje zam\u00f3wienie zostanie zrealizowane do 21 dni roboczych po zaksi\u0119gowaniu wp\u0142aty.<\/p>\n<p style=\"text-align: left;\">\n","protected":false},"excerpt":{"rendered":"<p>*Rozmiar zani\u017cony (sugerujemy wyb\u00f3r wi\u0119kszego rozmiaru)<\/p>\n<table>\n<tbody>\n<tr>\n<td>Rozmiar<\/td>\n<td>XS<\/td>\n<td>S<\/td>\n<td>M<\/td>\n<td>L<\/td>\n<td>XL<\/td>\n<td>XXL<\/td>\n<\/tr>\n<tr>\n<td>b\/a<\/td>\n<td>59\/44<\/td>\n<td>61\/47<\/td>\n<td>63\/50<\/td>\n<td>65\/55<\/td>\n<td>67\/60<\/td>\n<td>69\/65<\/td>\n<\/tr>\n<\/tbody>\n<\/table>\n<p>&nbsp;<\/p>\n<p><img loading=\"lazy\" decoding=\"async\" class=\"alignnone size-medium wp-image-1962\" src=\"https:\/\/akademia-sklep.jellydev.pl\/wp-content\/uploads\/2022\/06\/rozmiarowka1-300x300.png\" alt=\"\" width=\"300\" height=\"300\" srcset=\"https:\/\/akademiaosteopatii.pl\/sklep\/wp-content\/uploads\/2022\/06\/rozmiarowka1-300x300.png 300w, https:\/\/akademiaosteopatii.pl\/sklep\/wp-content\/uploads\/2022\/06\/rozmiarowka1-150x150.png 150w, https:\/\/akademiaosteopatii.pl\/sklep\/wp-content\/uploads\/2022\/06\/rozmiarowka1-100x100.png 100w, https:\/\/akademiaosteopatii.pl\/sklep\/wp-content\/uploads\/2022\/06\/rozmiarowka1.png 500w\" sizes=\"auto, (max-width: 300px) 100vw, 300px\" \/><\/p>\n<p>\u200b<br \/>\n\u200b<br \/>\n\u200b<br \/>\n\u200b<\/p>\n<p>&nbsp;<\/p>\n<p>&nbsp;<\/p>\n<p>&nbsp;<\/p>\n<p>&nbsp;<\/p>\n<p>&nbsp;<\/p>\n<p>&nbsp;<\/p>\n<p>&nbsp;<\/p>\n","protected":false},"featured_media":2381,"template":"","meta":{"inline_featured_image":false},"product_brand":[],"product_cat":[16],"product_tag":[],"class_list":{"0":"post-1797","1":"product","2":"type-product","3":"status-publish","4":"has-post-thumbnail","6":"product_cat-women","8":"first","9":"instock","10":"taxable","11":"shipping-taxable","12":"purchasable","13":"product-type-variable","14":"has-default-attributes","15":"rtwpvg-product"},"_links":{"self":[{"href":"https:\/\/akademiaosteopatii.pl\/sklep\/wp-json\/wp\/v2\/product\/1797","targetHints":{"allow":["GET"]}}],"collection":[{"href":"https:\/\/akademiaosteopatii.pl\/sklep\/wp-json\/wp\/v2\/product"}],"about":[{"href":"https:\/\/akademiaosteopatii.pl\/sklep\/wp-json\/wp\/v2\/types\/product"}],"wp:featuredmedia":[{"embeddable":true,"href":"https:\/\/akademiaosteopatii.pl\/sklep\/wp-json\/wp\/v2\/media\/2381"}],"wp:attachment":[{"href":"https:\/\/akademiaosteopatii.pl\/sklep\/wp-json\/wp\/v2\/media?parent=1797"}],"wp:term":[{"taxonomy":"product_brand","embeddable":true,"href":"https:\/\/akademiaosteopatii.pl\/sklep\/wp-json\/wp\/v2\/product_brand?post=1797"},{"taxonomy":"product_cat","embeddable":true,"href":"https:\/\/akademiaosteopatii.pl\/sklep\/wp-json\/wp\/v2\/product_cat?post=1797"},{"taxonomy":"product_tag","embeddable":true,"href":"https:\/\/akademiaosteopatii.pl\/sklep\/wp-json\/wp\/v2\/product_tag?post=1797"}],"curies":[{"name":"wp","href":"https:\/\/api.w.org\/{rel}","templated":true}]}}