{"id":1792,"date":"2022-06-01T15:45:26","date_gmt":"2022-06-01T13:45:26","guid":{"rendered":"https:\/\/akademia-sklep.jellydev.pl\/produkt\/bluza-damska-czarna-emblematy\/"},"modified":"2024-12-13T09:15:15","modified_gmt":"2024-12-13T08:15:15","slug":"bluza-damska-czarna-emblematy","status":"publish","type":"product","link":"https:\/\/akademiaosteopatii.pl\/sklep\/produkt\/bluza-damska-czarna-emblematy\/","title":{"rendered":"Bluza IKON czarna\/bia\u0142a"},"content":{"rendered":"<div class=\"flex-shrink-0 flex flex-col relative items-end\">\n<div>\n<div class=\"pt-0\">\n<div class=\"gizmo-bot-avatar flex h-8 w-8 items-center justify-center overflow-hidden rounded-full\">\n<div class=\"relative p-1 rounded-sm flex items-center justify-center bg-token-main-surface-primary text-token-text-primary h-8 w-8\">Klasyczna bluza z kapturem, wykonana z mi\u0119kkiej dzianiny szczotkowanej od wewn\u0105trz, zapewniaj\u0105cej komfort i ciep\u0142o. Model bez naszytej kieszeni, z dwuwarstwowym kapturem regulowanym sznurkiem. Elastyczne \u015bci\u0105gacze na r\u0119kawach i dole bluzy gwarantuj\u0105 wygodne dopasowanie. Kark i ramiona wzmocnione ta\u015bm\u0105 stabilizuj\u0105c\u0105, co zwi\u0119ksza trwa\u0142o\u015b\u0107 szw\u00f3w. Bluza posiada podw\u00f3jne szwy, co zapewnia wytrzyma\u0142o\u015b\u0107 i d\u0142ug\u0105 \u017cywotno\u015b\u0107.<\/div>\n<\/div>\n<\/div>\n<\/div>\n<\/div>\n<div class=\"group\/conversation-turn relative flex w-full min-w-0 flex-col agent-turn\">\n<div class=\"flex-col gap-1 md:gap-3\">\n<div class=\"flex max-w-full flex-col flex-grow\">\n<div class=\"min-h-8 text-message flex w-full flex-col items-end gap-2 whitespace-normal break-words [.text-message+&amp;]:mt-5\" dir=\"auto\" data-message-author-role=\"assistant\" data-message-id=\"60eecbd5-2aad-4235-a3d6-07c293fae76d\" data-message-model-slug=\"gpt-4o\">\n<div class=\"flex w-full flex-col gap-1 empty:hidden first:pt-[3px]\">\n<div class=\"markdown prose w-full break-words dark:prose-invert light\">\n<p>Materia\u0142:\u00a080% bawe\u0142na, 20% poliester<\/p>\n<p>Gramatura: 250 g\/m\u00b2<\/p>\n<\/div>\n<\/div>\n<\/div>\n<\/div>\n<\/div>\n<\/div>\n","protected":false},"excerpt":{"rendered":"<table dir=\"ltr\" border=\"1\" cellspacing=\"0\" cellpadding=\"0\" data-sheets-root=\"1\" data-sheets-baot=\"1\">\n<colgroup>\n<col width=\"100\" \/>\n<col width=\"100\" \/>\n<col width=\"100\" \/>\n<col width=\"100\" \/>\n<col width=\"100\" \/>\n<col width=\"100\" \/>\n<col width=\"100\" \/>\n<col width=\"100\" \/><\/colgroup>\n<tbody>\n<tr>\n<td>Rozmiar<\/td>\n<td>XS<\/td>\n<td>S<\/td>\n<td>M<\/td>\n<td>L<\/td>\n<td>XL<\/td>\n<td>XXL<\/td>\n<td>3XL<\/td>\n<\/tr>\n<tr>\n<td>Wzrost<\/td>\n<td>162<\/td>\n<td>168<\/td>\n<td>176<\/td>\n<td>182<\/td>\n<td>185<\/td>\n<td>188<\/td>\n<td>188<\/td>\n<\/tr>\n<tr>\n<td>Klatka piersiowa<\/td>\n<td>89<\/td>\n<td>93<\/td>\n<td>99<\/td>\n<td>106<\/td>\n<td>113<\/td>\n<td>120<\/td>\n<td>128<\/td>\n<\/tr>\n<\/tbody>\n<\/table>\n<p>*Podane wymiary dotycz\u0105 sylwetki, a nie produkt\u00f3w<\/p>\n<p>&nbsp;<\/p>\n","protected":false},"featured_media":1943,"template":"","meta":{"inline_featured_image":false},"product_brand":[],"product_cat":[16],"product_tag":[],"class_list":{"0":"post-1792","1":"product","2":"type-product","3":"status-publish","4":"has-post-thumbnail","6":"product_cat-women","8":"first","9":"instock","10":"taxable","11":"shipping-taxable","12":"purchasable","13":"product-type-variable","14":"has-default-attributes","15":"rtwpvg-product"},"_links":{"self":[{"href":"https:\/\/akademiaosteopatii.pl\/sklep\/wp-json\/wp\/v2\/product\/1792","targetHints":{"allow":["GET"]}}],"collection":[{"href":"https:\/\/akademiaosteopatii.pl\/sklep\/wp-json\/wp\/v2\/product"}],"about":[{"href":"https:\/\/akademiaosteopatii.pl\/sklep\/wp-json\/wp\/v2\/types\/product"}],"wp:featuredmedia":[{"embeddable":true,"href":"https:\/\/akademiaosteopatii.pl\/sklep\/wp-json\/wp\/v2\/media\/1943"}],"wp:attachment":[{"href":"https:\/\/akademiaosteopatii.pl\/sklep\/wp-json\/wp\/v2\/media?parent=1792"}],"wp:term":[{"taxonomy":"product_brand","embeddable":true,"href":"https:\/\/akademiaosteopatii.pl\/sklep\/wp-json\/wp\/v2\/product_brand?post=1792"},{"taxonomy":"product_cat","embeddable":true,"href":"https:\/\/akademiaosteopatii.pl\/sklep\/wp-json\/wp\/v2\/product_cat?post=1792"},{"taxonomy":"product_tag","embeddable":true,"href":"https:\/\/akademiaosteopatii.pl\/sklep\/wp-json\/wp\/v2\/product_tag?post=1792"}],"curies":[{"name":"wp","href":"https:\/\/api.w.org\/{rel}","templated":true}]}}