{"id":1790,"date":"2022-06-01T15:45:26","date_gmt":"2022-06-01T13:45:26","guid":{"rendered":"https:\/\/akademia-sklep.jellydev.pl\/produkt\/t-shirt-damski-czarny-sportowy-z-logo\/"},"modified":"2024-12-13T09:15:58","modified_gmt":"2024-12-13T08:15:58","slug":"t-shirt-damski-czarny-sportowy-z-logo","status":"publish","type":"product","link":"https:\/\/akademiaosteopatii.pl\/sklep\/produkt\/t-shirt-damski-czarny-sportowy-z-logo\/","title":{"rendered":"T-shirt LOGO czarna\/bia\u0142a"},"content":{"rendered":"<div class=\"flex-shrink-0 flex flex-col relative items-end\">\n<div>\n<div class=\"pt-0\">\n<div class=\"gizmo-bot-avatar flex h-8 w-8 items-center justify-center overflow-hidden rounded-full\">\n<div class=\"relative p-1 rounded-sm flex items-center justify-center bg-token-main-surface-primary text-token-text-primary h-8 w-8\">Sportowy damski T-shirt z raglanowymi r\u0119kawami, wykonany z oddychaj\u0105cego i szybkoschn\u0105cego materia\u0142u, kt\u00f3ry doskonale odprowadza wilgo\u0107, zapewniaj\u0105c komfort podczas aktywno\u015bci fizycznej. Taliowany fason oraz lekko zaokr\u0105glony i wyd\u0142u\u017cony ty\u0142 nadaj\u0105 koszulce nowoczesny wygl\u0105d. Dekolt wyko\u0144czony 2-warstwowym \u015bci\u0105gaczem z materia\u0142u g\u0142\u00f3wnego, a kark wzmocniony kontrastow\u0105 ta\u015bm\u0105. Dekoracyjne przeszycia interlock oraz boczne szwy podkre\u015blaj\u0105 estetyk\u0119. Koszulka posiada podw\u00f3jne, g\u0119ste szwy, wykonane z najwy\u017cszej jako\u015bci nici, oraz odrywaln\u0105 metk\u0119.<\/div>\n<\/div>\n<\/div>\n<\/div>\n<\/div>\n<div class=\"group\/conversation-turn relative flex w-full min-w-0 flex-col agent-turn\">\n<div class=\"flex-col gap-1 md:gap-3\">\n<div class=\"flex max-w-full flex-col flex-grow\">\n<div class=\"min-h-8 text-message flex w-full flex-col items-end gap-2 whitespace-normal break-words [.text-message+&amp;]:mt-5\" dir=\"auto\" data-message-author-role=\"assistant\" data-message-id=\"72fac7ca-78ed-4eeb-a3f8-6d05d967c023\" data-message-model-slug=\"gpt-4o\">\n<div class=\"flex w-full flex-col gap-1 empty:hidden first:pt-[3px]\">\n<div class=\"markdown prose w-full break-words dark:prose-invert light\">\n<p>Materia\u0142: 100% poliester<\/p>\n<p>Gramatura: 130 g\/m\u00b2<\/p>\n<\/div>\n<\/div>\n<\/div>\n<\/div>\n<\/div>\n<\/div>\n","protected":false},"excerpt":{"rendered":"<table dir=\"ltr\" border=\"1\" cellspacing=\"0\" cellpadding=\"0\" data-sheets-root=\"1\" data-sheets-baot=\"1\">\n<colgroup>\n<col width=\"100\" \/>\n<col width=\"100\" \/>\n<col width=\"100\" \/>\n<col width=\"100\" \/>\n<col width=\"100\" \/>\n<col width=\"100\" \/>\n<col width=\"100\" \/><\/colgroup>\n<tbody>\n<tr>\n<td>Rozmiar<\/td>\n<td>XS<\/td>\n<td>S<\/td>\n<td>M<\/td>\n<td>L<\/td>\n<td>XL<\/td>\n<td>XXL<\/td>\n<\/tr>\n<tr>\n<td>Wzrost<\/td>\n<td>158<\/td>\n<td>164<\/td>\n<td>168<\/td>\n<td>172<\/td>\n<td>176<\/td>\n<td>176<\/td>\n<\/tr>\n<tr>\n<td>Klatka piersiowa<\/td>\n<td>84<\/td>\n<td>88<\/td>\n<td>92<\/td>\n<td>96<\/td>\n<td>100<\/td>\n<td>106<\/td>\n<\/tr>\n<\/tbody>\n<\/table>\n<p>*Podane wymiary dotycz\u0105 sylwetki, a nie produkt\u00f3w<\/p>\n","protected":false},"featured_media":2279,"template":"","meta":{"inline_featured_image":false},"product_brand":[],"product_cat":[16],"product_tag":[],"class_list":{"0":"post-1790","1":"product","2":"type-product","3":"status-publish","4":"has-post-thumbnail","6":"product_cat-women","8":"first","9":"instock","10":"taxable","11":"shipping-taxable","12":"purchasable","13":"product-type-variable","14":"has-default-attributes","15":"rtwpvg-product"},"_links":{"self":[{"href":"https:\/\/akademiaosteopatii.pl\/sklep\/wp-json\/wp\/v2\/product\/1790","targetHints":{"allow":["GET"]}}],"collection":[{"href":"https:\/\/akademiaosteopatii.pl\/sklep\/wp-json\/wp\/v2\/product"}],"about":[{"href":"https:\/\/akademiaosteopatii.pl\/sklep\/wp-json\/wp\/v2\/types\/product"}],"wp:featuredmedia":[{"embeddable":true,"href":"https:\/\/akademiaosteopatii.pl\/sklep\/wp-json\/wp\/v2\/media\/2279"}],"wp:attachment":[{"href":"https:\/\/akademiaosteopatii.pl\/sklep\/wp-json\/wp\/v2\/media?parent=1790"}],"wp:term":[{"taxonomy":"product_brand","embeddable":true,"href":"https:\/\/akademiaosteopatii.pl\/sklep\/wp-json\/wp\/v2\/product_brand?post=1790"},{"taxonomy":"product_cat","embeddable":true,"href":"https:\/\/akademiaosteopatii.pl\/sklep\/wp-json\/wp\/v2\/product_cat?post=1790"},{"taxonomy":"product_tag","embeddable":true,"href":"https:\/\/akademiaosteopatii.pl\/sklep\/wp-json\/wp\/v2\/product_tag?post=1790"}],"curies":[{"name":"wp","href":"https:\/\/api.w.org\/{rel}","templated":true}]}}