{"id":1788,"date":"2022-06-01T15:45:26","date_gmt":"2022-06-01T13:45:26","guid":{"rendered":"https:\/\/akademia-sklep.jellydev.pl\/produkt\/t-shirt-meski-czarny-sportowy-z-logo\/"},"modified":"2024-12-13T09:16:10","modified_gmt":"2024-12-13T08:16:10","slug":"t-shirt-meski-czarny-sportowy-z-logo","status":"publish","type":"product","link":"https:\/\/akademiaosteopatii.pl\/sklep\/produkt\/t-shirt-meski-czarny-sportowy-z-logo\/","title":{"rendered":"T-shirt SPORT IKON czarna\/bia\u0142a"},"content":{"rendered":"<p>Sportowy m\u0119ski T-shirt z raglanowymi r\u0119kawami, o dopasowanym fasonie, wykonany z oddychaj\u0105cego i szybkoschn\u0105cego materia\u0142u, kt\u00f3ry skutecznie odprowadza wilgo\u0107, zapewniaj\u0105c komfort podczas treningu. Koszulka ma lekko zaokr\u0105glony, wyd\u0142u\u017cony ty\u0142 oraz dekolt wyko\u0144czony 2-warstwowym \u015bci\u0105gaczem z materia\u0142u g\u0142\u00f3wnego. Kark wzmocniony kontrastow\u0105 ta\u015bm\u0105, co zwi\u0119ksza trwa\u0142o\u015b\u0107 szw\u00f3w. Dekoracyjne przeszycia interlock i boczne szwy podkre\u015blaj\u0105 sportowy charakter koszulki. Podw\u00f3jne, g\u0119ste szwy z najwy\u017cszej jako\u015bci nici oraz odrywalna metka zapewniaj\u0105 wygod\u0119 i trwa\u0142o\u015b\u0107.<\/p>\n<p>Materia\u0142: 100% poliester<\/p>\n<p>Gramatura: 130 g\/m\u00b2<\/p>\n","protected":false},"excerpt":{"rendered":"<table dir=\"ltr\" border=\"1\" cellspacing=\"0\" cellpadding=\"0\" data-sheets-root=\"1\" data-sheets-baot=\"1\">\n<colgroup>\n<col width=\"100\" \/>\n<col width=\"100\" \/>\n<col width=\"100\" \/>\n<col width=\"100\" \/>\n<col width=\"100\" \/>\n<col width=\"100\" \/><\/colgroup>\n<tbody>\n<tr>\n<td>Rozmiar<\/td>\n<td>S<\/td>\n<td>M<\/td>\n<td>L<\/td>\n<td>XL<\/td>\n<td>XXL<\/td>\n<\/tr>\n<tr>\n<td>Wzrost<\/td>\n<td>168<\/td>\n<td>176<\/td>\n<td>182<\/td>\n<td>185<\/td>\n<td>188<\/td>\n<\/tr>\n<tr>\n<td>Klatka piersiowa<\/td>\n<td>93<\/td>\n<td>99<\/td>\n<td>106<\/td>\n<td>113<\/td>\n<td>120<\/td>\n<\/tr>\n<\/tbody>\n<\/table>\n<p>*Podane wymiary dotycz\u0105 sylwetki, a nie produkt\u00f3w<\/p>\n","protected":false},"featured_media":2215,"template":"","meta":{"inline_featured_image":false},"product_brand":[],"product_cat":[17],"product_tag":[],"class_list":{"0":"post-1788","1":"product","2":"type-product","3":"status-publish","4":"has-post-thumbnail","6":"product_cat-men","8":"first","9":"instock","10":"taxable","11":"shipping-taxable","12":"purchasable","13":"product-type-variable","14":"has-default-attributes","15":"rtwpvg-product"},"_links":{"self":[{"href":"https:\/\/akademiaosteopatii.pl\/sklep\/wp-json\/wp\/v2\/product\/1788","targetHints":{"allow":["GET"]}}],"collection":[{"href":"https:\/\/akademiaosteopatii.pl\/sklep\/wp-json\/wp\/v2\/product"}],"about":[{"href":"https:\/\/akademiaosteopatii.pl\/sklep\/wp-json\/wp\/v2\/types\/product"}],"wp:featuredmedia":[{"embeddable":true,"href":"https:\/\/akademiaosteopatii.pl\/sklep\/wp-json\/wp\/v2\/media\/2215"}],"wp:attachment":[{"href":"https:\/\/akademiaosteopatii.pl\/sklep\/wp-json\/wp\/v2\/media?parent=1788"}],"wp:term":[{"taxonomy":"product_brand","embeddable":true,"href":"https:\/\/akademiaosteopatii.pl\/sklep\/wp-json\/wp\/v2\/product_brand?post=1788"},{"taxonomy":"product_cat","embeddable":true,"href":"https:\/\/akademiaosteopatii.pl\/sklep\/wp-json\/wp\/v2\/product_cat?post=1788"},{"taxonomy":"product_tag","embeddable":true,"href":"https:\/\/akademiaosteopatii.pl\/sklep\/wp-json\/wp\/v2\/product_tag?post=1788"}],"curies":[{"name":"wp","href":"https:\/\/api.w.org\/{rel}","templated":true}]}}