{"id":1785,"date":"2022-06-01T15:45:26","date_gmt":"2022-06-01T13:45:26","guid":{"rendered":"https:\/\/akademia-sklep.jellydev.pl\/produkt\/koszulka-damska-czarna-polo-emblematy\/"},"modified":"2024-12-13T09:19:33","modified_gmt":"2024-12-13T08:19:33","slug":"koszulka-damska-czarna-polo-emblematy","status":"publish","type":"product","link":"https:\/\/akademiaosteopatii.pl\/sklep\/produkt\/koszulka-damska-czarna-polo-emblematy\/","title":{"rendered":"Koszulka polo IKON bia\u0142a\/czarna"},"content":{"rendered":"<div class=\"flex-shrink-0 flex flex-col relative items-end\">\n<div>\n<div class=\"pt-0\">\n<div class=\"gizmo-bot-avatar flex h-8 w-8 items-center justify-center overflow-hidden rounded-full\">\n<div class=\"relative p-1 rounded-sm flex items-center justify-center bg-token-main-surface-primary text-token-text-primary h-8 w-8\">Damska koszulka polo z kr\u00f3tkim r\u0119kawem, wykonana z wysokogatunkowej dzianiny pique. Taliowany fason zapewnia elegancki wygl\u0105d, a materia\u0142 poddany praniu enzymatycznemu gwarantuje wyj\u0105tkow\u0105 mi\u0119kko\u015b\u0107 i g\u0142adko\u015b\u0107. Wyko\u0144czenie silikonowe dodatkowo sprawia, \u017ce koszulka jest przyjemna w dotyku i ma nisk\u0105 kurczliwo\u015b\u0107. P\u0142aski ko\u0142nierz wykonany ze \u015bci\u0105gacza rib 1&#215;1 oraz ta\u015bmy wzmacniaj\u0105ce na ko\u0142nierzu i ramionach zwi\u0119kszaj\u0105 trwa\u0142o\u015b\u0107 szw\u00f3w. Boczne rozci\u0119cia wyko\u0144czone ta\u015bm\u0105 wzmacniaj\u0105c\u0105, a trzy guziki podkre\u015blaj\u0105 klasyczny styl. Podw\u00f3jne, g\u0119ste szwy, wykonane z najwy\u017cszej jako\u015bci nici, gwarantuj\u0105 d\u0142ug\u0105 \u017cywotno\u015b\u0107.<\/div>\n<\/div>\n<\/div>\n<\/div>\n<\/div>\n<div class=\"group\/conversation-turn relative flex w-full min-w-0 flex-col agent-turn\">\n<div class=\"flex-col gap-1 md:gap-3\">\n<div class=\"flex max-w-full flex-col flex-grow\">\n<div class=\"min-h-8 text-message flex w-full flex-col items-end gap-2 whitespace-normal break-words [.text-message+&amp;]:mt-5\" dir=\"auto\" data-message-author-role=\"assistant\" data-message-id=\"dd81ed88-cfb5-4a95-9639-925dbc4497ae\" data-message-model-slug=\"gpt-4o\">\n<div class=\"flex w-full flex-col gap-1 empty:hidden first:pt-[3px]\">\n<div class=\"markdown prose w-full break-words dark:prose-invert light\">\n<p>Materia\u0142: 100% wysokogatunkowa bawe\u0142na czesana<\/p>\n<p>Gramatura: 180 g\/m\u00b2<\/p>\n<\/div>\n<\/div>\n<\/div>\n<\/div>\n<\/div>\n<\/div>\n","protected":false},"excerpt":{"rendered":"<table dir=\"ltr\" border=\"1\" cellspacing=\"0\" cellpadding=\"0\" data-sheets-root=\"1\" data-sheets-baot=\"1\">\n<colgroup>\n<col width=\"100\" \/>\n<col width=\"100\" \/>\n<col width=\"100\" \/>\n<col width=\"100\" \/>\n<col width=\"100\" \/>\n<col width=\"100\" \/>\n<col width=\"100\" \/><\/colgroup>\n<tbody>\n<tr>\n<td>Rozmiar<\/td>\n<td>XS<\/td>\n<td>S<\/td>\n<td>M<\/td>\n<td>L<\/td>\n<td>XL<\/td>\n<td>XXL<\/td>\n<\/tr>\n<tr>\n<td>Wzrost<\/td>\n<td>158<\/td>\n<td>164<\/td>\n<td>168<\/td>\n<td>172<\/td>\n<td>176<\/td>\n<td>176<\/td>\n<\/tr>\n<tr>\n<td>Klatka piersiowa<\/td>\n<td>84<\/td>\n<td>88<\/td>\n<td>92<\/td>\n<td>96<\/td>\n<td>100<\/td>\n<td>106<\/td>\n<\/tr>\n<\/tbody>\n<\/table>\n<div class=\"accordion-item\">\n<div id=\"collapseTwo\" class=\"accordion-collapse collapse show\" aria-labelledby=\"headingTwo\" data-bs-parent=\"#accordionExample\">\n<div class=\"accordion-body\">*Podane wymiary dotycz\u0105 sylwetki, a nie produkt\u00f3w<\/div>\n<\/div>\n<\/div>\n<div class=\"accordion-item\">\n<h2 id=\"headingThree\" class=\"accordion-header\"><\/h2>\n<\/div>\n<p>&nbsp;<\/p>\n<p>&nbsp;<\/p>\n","protected":false},"featured_media":2294,"template":"","meta":{"inline_featured_image":false},"product_brand":[],"product_cat":[16],"product_tag":[],"class_list":{"0":"post-1785","1":"product","2":"type-product","3":"status-publish","4":"has-post-thumbnail","6":"product_cat-women","8":"first","9":"instock","10":"taxable","11":"shipping-taxable","12":"purchasable","13":"product-type-variable","14":"has-default-attributes","15":"rtwpvg-product"},"_links":{"self":[{"href":"https:\/\/akademiaosteopatii.pl\/sklep\/wp-json\/wp\/v2\/product\/1785","targetHints":{"allow":["GET"]}}],"collection":[{"href":"https:\/\/akademiaosteopatii.pl\/sklep\/wp-json\/wp\/v2\/product"}],"about":[{"href":"https:\/\/akademiaosteopatii.pl\/sklep\/wp-json\/wp\/v2\/types\/product"}],"wp:featuredmedia":[{"embeddable":true,"href":"https:\/\/akademiaosteopatii.pl\/sklep\/wp-json\/wp\/v2\/media\/2294"}],"wp:attachment":[{"href":"https:\/\/akademiaosteopatii.pl\/sklep\/wp-json\/wp\/v2\/media?parent=1785"}],"wp:term":[{"taxonomy":"product_brand","embeddable":true,"href":"https:\/\/akademiaosteopatii.pl\/sklep\/wp-json\/wp\/v2\/product_brand?post=1785"},{"taxonomy":"product_cat","embeddable":true,"href":"https:\/\/akademiaosteopatii.pl\/sklep\/wp-json\/wp\/v2\/product_cat?post=1785"},{"taxonomy":"product_tag","embeddable":true,"href":"https:\/\/akademiaosteopatii.pl\/sklep\/wp-json\/wp\/v2\/product_tag?post=1785"}],"curies":[{"name":"wp","href":"https:\/\/api.w.org\/{rel}","templated":true}]}}