{"id":1773,"date":"2022-06-01T15:45:26","date_gmt":"2022-06-01T13:45:26","guid":{"rendered":"https:\/\/akademia-sklep.jellydev.pl\/produkt\/biala-meska-koszulka-cytat\/"},"modified":"2024-10-10T13:12:24","modified_gmt":"2024-10-10T11:12:24","slug":"biala-meska-koszulka-cytat","status":"publish","type":"product","link":"https:\/\/akademiaosteopatii.pl\/sklep\/produkt\/biala-meska-koszulka-cytat\/","title":{"rendered":"Koszulka AO"},"content":{"rendered":"<p style=\"text-align: left;\">M\u0119ski T-shirt o klasycznym kroju, wykonany z wysokiej jako\u015bci dzianiny single jersey. Tkanina zosta\u0142a poddana praniu enzymatycznemu, co gwarantuje idealnie g\u0142adk\u0105 powierzchni\u0119, a wyko\u0144czenie silikonowe nadaje jej wyj\u0105tkow\u0105 mi\u0119kko\u015b\u0107 i przyjemno\u015b\u0107 w dotyku. Dekolt wyko\u0144czony dwuwarstwowym \u015bci\u0105gaczem z dodatkiem elastanu, co zapewnia trwa\u0142o\u015b\u0107 i komfort noszenia. Kark i ramiona wzmocnione ta\u015bm\u0105 stabilizuj\u0105c\u0105, co zwi\u0119ksza wytrzyma\u0142o\u015b\u0107 szw\u00f3w. Koszulka posiada bezszwowe boki, co zwi\u0119ksza komfort noszenia oraz u\u0142atwia nadrukowanie grafik. Podw\u00f3jne, g\u0119ste szwy wykonane z najwy\u017cszej jako\u015bci nici podkre\u015blaj\u0105 jej trwa\u0142o\u015b\u0107.<\/p>\n<p>Materia\u0142: 100% bawe\u0142na p\u00f3\u0142czesana ring-spun<\/p>\n<p>Gramatura: 170 g\/m\u00b2<\/p>\n","protected":false},"excerpt":{"rendered":"<table dir=\"ltr\" border=\"1\" cellspacing=\"0\" cellpadding=\"0\" data-sheets-root=\"1\" data-sheets-baot=\"1\">\n<colgroup>\n<col width=\"100\" \/>\n<col width=\"100\" \/>\n<col width=\"100\" \/>\n<col width=\"100\" \/>\n<col width=\"100\" \/>\n<col width=\"100\" \/>\n<col width=\"100\" \/>\n<col width=\"100\" \/><\/colgroup>\n<tbody>\n<tr>\n<td>Rozmiar<\/td>\n<td>S<\/td>\n<td>M<\/td>\n<td>L<\/td>\n<td>XL<\/td>\n<td>XXL<\/td>\n<td>3XL<\/td>\n<td>4XL<\/td>\n<\/tr>\n<tr>\n<td>Wzrost<\/td>\n<td>168<\/td>\n<td>176<\/td>\n<td>182<\/td>\n<td>185<\/td>\n<td>188<\/td>\n<td>188<\/td>\n<td>190<\/td>\n<\/tr>\n<tr>\n<td>Klatka piersiowa<\/td>\n<td>93<\/td>\n<td>99<\/td>\n<td>106<\/td>\n<td>113<\/td>\n<td>120<\/td>\n<td>128<\/td>\n<td>137<\/td>\n<\/tr>\n<\/tbody>\n<\/table>\n<p>*Podane wymiary dotycz\u0105 sylwetki, a nie produkt\u00f3w<\/p>\n","protected":false},"featured_media":2330,"template":"","meta":{"inline_featured_image":false},"product_brand":[],"product_cat":[17],"product_tag":[],"class_list":{"0":"post-1773","1":"product","2":"type-product","3":"status-publish","4":"has-post-thumbnail","6":"product_cat-men","8":"first","9":"instock","10":"taxable","11":"shipping-taxable","12":"purchasable","13":"product-type-variable","14":"has-default-attributes","15":"rtwpvg-product"},"_links":{"self":[{"href":"https:\/\/akademiaosteopatii.pl\/sklep\/wp-json\/wp\/v2\/product\/1773","targetHints":{"allow":["GET"]}}],"collection":[{"href":"https:\/\/akademiaosteopatii.pl\/sklep\/wp-json\/wp\/v2\/product"}],"about":[{"href":"https:\/\/akademiaosteopatii.pl\/sklep\/wp-json\/wp\/v2\/types\/product"}],"wp:featuredmedia":[{"embeddable":true,"href":"https:\/\/akademiaosteopatii.pl\/sklep\/wp-json\/wp\/v2\/media\/2330"}],"wp:attachment":[{"href":"https:\/\/akademiaosteopatii.pl\/sklep\/wp-json\/wp\/v2\/media?parent=1773"}],"wp:term":[{"taxonomy":"product_brand","embeddable":true,"href":"https:\/\/akademiaosteopatii.pl\/sklep\/wp-json\/wp\/v2\/product_brand?post=1773"},{"taxonomy":"product_cat","embeddable":true,"href":"https:\/\/akademiaosteopatii.pl\/sklep\/wp-json\/wp\/v2\/product_cat?post=1773"},{"taxonomy":"product_tag","embeddable":true,"href":"https:\/\/akademiaosteopatii.pl\/sklep\/wp-json\/wp\/v2\/product_tag?post=1773"}],"curies":[{"name":"wp","href":"https:\/\/api.w.org\/{rel}","templated":true}]}}