{"id":1772,"date":"2022-06-01T15:45:26","date_gmt":"2022-06-01T13:45:26","guid":{"rendered":"https:\/\/akademia-sklep.jellydev.pl\/produkt\/koszulka-damska-biala-cytat\/"},"modified":"2024-10-10T09:18:33","modified_gmt":"2024-10-10T07:18:33","slug":"koszulka-damska-biala-cytat","status":"publish","type":"product","link":"https:\/\/akademiaosteopatii.pl\/sklep\/produkt\/koszulka-damska-biala-cytat\/","title":{"rendered":"Koszulka AO"},"content":{"rendered":"<p>Klasyczny, taliowany T-shirt damski z kr\u00f3tkim r\u0119kawem, wykonany z wysokiej jako\u015bci dzianiny single jersey. Tkanina poddana praniu enzymatycznemu, co zapewnia idealnie g\u0142adk\u0105 powierzchni\u0119, a wyko\u0144czenie silikonowe nadaje jej wyj\u0105tkow\u0105 mi\u0119kko\u015b\u0107. Dekolt wyko\u0144czony dwuwarstwowym \u015bci\u0105gaczem z dodatkiem elastanu gwarantuje trwa\u0142o\u015b\u0107 i komfort noszenia. Dodatkowo kark i ramiona wzmocnione ta\u015bm\u0105 stabilizuj\u0105c\u0105, co zwi\u0119ksza wytrzyma\u0142o\u015b\u0107 szw\u00f3w. Koszulka posiada boczne szwy oraz podw\u00f3jne, g\u0119ste szwy z najwy\u017cszej jako\u015bci nici, co podkre\u015bla jej trwa\u0142o\u015b\u0107.<\/p>\n<p>Materia\u0142: 100% Bawe\u0142na<\/p>\n<p>Gramatura: 170 g\/m\u00b2<\/p>\n","protected":false},"excerpt":{"rendered":"<table dir=\"ltr\" border=\"1\" cellspacing=\"0\" cellpadding=\"0\" data-sheets-root=\"1\" data-sheets-baot=\"1\">\n<colgroup>\n<col width=\"100\" \/>\n<col width=\"100\" \/>\n<col width=\"100\" \/>\n<col width=\"100\" \/>\n<col width=\"100\" \/>\n<col width=\"100\" \/>\n<col width=\"100\" \/>\n<col width=\"100\" \/><\/colgroup>\n<tbody>\n<tr>\n<td style=\"text-align: left;\">Rozmiar<\/td>\n<td style=\"text-align: center;\">XS<\/td>\n<td style=\"text-align: center;\">S<\/td>\n<td style=\"text-align: center;\">M<\/td>\n<td style=\"text-align: center;\">L<\/td>\n<td style=\"text-align: center;\">XL<\/td>\n<td style=\"text-align: center;\">XXL<\/td>\n<td style=\"text-align: center;\">3XL<\/td>\n<\/tr>\n<tr>\n<td>Wzrost<\/td>\n<td style=\"text-align: center;\">158<\/td>\n<td style=\"text-align: center;\">164<\/td>\n<td style=\"text-align: center;\">168<\/td>\n<td style=\"text-align: center;\">172<\/td>\n<td style=\"text-align: center;\">176<\/td>\n<td style=\"text-align: center;\">176<\/td>\n<td style=\"text-align: center;\">176<\/td>\n<\/tr>\n<tr>\n<td style=\"text-align: left;\">Klatka piersiowa<\/td>\n<td style=\"text-align: center;\">84<\/td>\n<td style=\"text-align: center;\">88<\/td>\n<td style=\"text-align: center;\">92<\/td>\n<td style=\"text-align: center;\">96<\/td>\n<td style=\"text-align: center;\">100<\/td>\n<td style=\"text-align: center;\">106<\/td>\n<td style=\"text-align: center;\">115<\/td>\n<\/tr>\n<\/tbody>\n<\/table>\n<p>*Podane wymiary dotycz\u0105 sylwetki, a nie produkt\u00f3w<\/p>\n","protected":false},"featured_media":2378,"template":"","meta":{"inline_featured_image":false},"product_brand":[],"product_cat":[16],"product_tag":[],"class_list":{"0":"post-1772","1":"product","2":"type-product","3":"status-publish","4":"has-post-thumbnail","6":"product_cat-women","8":"first","9":"instock","10":"taxable","11":"shipping-taxable","12":"purchasable","13":"product-type-variable","14":"has-default-attributes","15":"rtwpvg-product"},"_links":{"self":[{"href":"https:\/\/akademiaosteopatii.pl\/sklep\/wp-json\/wp\/v2\/product\/1772","targetHints":{"allow":["GET"]}}],"collection":[{"href":"https:\/\/akademiaosteopatii.pl\/sklep\/wp-json\/wp\/v2\/product"}],"about":[{"href":"https:\/\/akademiaosteopatii.pl\/sklep\/wp-json\/wp\/v2\/types\/product"}],"wp:featuredmedia":[{"embeddable":true,"href":"https:\/\/akademiaosteopatii.pl\/sklep\/wp-json\/wp\/v2\/media\/2378"}],"wp:attachment":[{"href":"https:\/\/akademiaosteopatii.pl\/sklep\/wp-json\/wp\/v2\/media?parent=1772"}],"wp:term":[{"taxonomy":"product_brand","embeddable":true,"href":"https:\/\/akademiaosteopatii.pl\/sklep\/wp-json\/wp\/v2\/product_brand?post=1772"},{"taxonomy":"product_cat","embeddable":true,"href":"https:\/\/akademiaosteopatii.pl\/sklep\/wp-json\/wp\/v2\/product_cat?post=1772"},{"taxonomy":"product_tag","embeddable":true,"href":"https:\/\/akademiaosteopatii.pl\/sklep\/wp-json\/wp\/v2\/product_tag?post=1772"}],"curies":[{"name":"wp","href":"https:\/\/api.w.org\/{rel}","templated":true}]}}