{"id":1758,"date":"2022-06-01T15:45:25","date_gmt":"2022-06-01T13:45:25","guid":{"rendered":"https:\/\/akademia-sklep.jellydev.pl\/produkt\/meska-koszula-emblematy\/"},"modified":"2024-10-10T13:14:49","modified_gmt":"2024-10-10T11:14:49","slug":"meska-koszula-emblematy","status":"publish","type":"product","link":"https:\/\/akademiaosteopatii.pl\/sklep\/produkt\/meska-koszula-emblematy\/","title":{"rendered":"Koszula IKON"},"content":{"rendered":"<div class=\"flex-shrink-0 flex flex-col relative items-end\">\n<div>\n<div class=\"pt-0\">\n<div class=\"gizmo-bot-avatar flex h-8 w-8 items-center justify-center overflow-hidden rounded-full\">\n<div class=\"relative p-1 rounded-sm flex items-center justify-center bg-token-main-surface-primary text-token-text-primary h-8 w-8\">M\u0119ska koszula wykonana z wysokiej jako\u015bci tkaniny oxford o klasycznym fasonie, kt\u00f3ry zapewnia elegancki i profesjonalny wygl\u0105d. Usztywniony ko\u0142nierzyk ze st\u00f3jk\u0105 oraz kiesze\u0144 na piersi dodaj\u0105 jej praktyczno\u015bci i stylu. Ko\u0142nierzyk i mankiety wyko\u0144czone kontrastowym materia\u0142em od wewn\u0105trz nadaj\u0105 koszuli unikalny charakter. Idealna na formalne i biznesowe okazje.<\/div>\n<\/div>\n<\/div>\n<\/div>\n<\/div>\n<div class=\"group\/conversation-turn relative flex w-full min-w-0 flex-col agent-turn\">\n<div class=\"flex-col gap-1 md:gap-3\">\n<div class=\"flex max-w-full flex-col flex-grow\">\n<div class=\"min-h-8 text-message flex w-full flex-col items-end gap-2 whitespace-normal break-words [.text-message+&amp;]:mt-5\" dir=\"auto\" data-message-author-role=\"assistant\" data-message-id=\"35ceeec0-4437-46c6-8a73-ca6580bb2935\" data-message-model-slug=\"gpt-4o\">\n<div class=\"flex w-full flex-col gap-1 empty:hidden first:pt-[3px]\">\n<div class=\"markdown prose w-full break-words dark:prose-invert light\">\n<p>Materia\u0142: 70% bawe\u0142na, 30% poliester<\/p>\n<p>Gramatura: 130 g\/m\u00b2<\/p>\n<\/div>\n<\/div>\n<\/div>\n<\/div>\n<\/div>\n<\/div>\n<div class=\"row\">\n<div class=\"col-sm-12 col-cart\"><\/div>\n<\/div>\n","protected":false},"excerpt":{"rendered":"<table dir=\"ltr\" border=\"1\" cellspacing=\"0\" cellpadding=\"0\" data-sheets-root=\"1\" data-sheets-baot=\"1\">\n<colgroup>\n<col width=\"100\" \/>\n<col width=\"100\" \/>\n<col width=\"100\" \/>\n<col width=\"100\" \/>\n<col width=\"100\" \/>\n<col width=\"100\" \/>\n<col width=\"100\" \/><\/colgroup>\n<tbody>\n<tr>\n<td>Rozmiar<\/td>\n<td>S<\/td>\n<td>M<\/td>\n<td>L<\/td>\n<td>XL<\/td>\n<td>XXL<\/td>\n<td>3XL<\/td>\n<\/tr>\n<tr>\n<td>Wzrost<\/td>\n<td>168<\/td>\n<td>176<\/td>\n<td>182<\/td>\n<td>185<\/td>\n<td>188<\/td>\n<td>188<\/td>\n<\/tr>\n<tr>\n<td>Klatka piersiowa<\/td>\n<td>93<\/td>\n<td>99<\/td>\n<td>106<\/td>\n<td>113<\/td>\n<td>120<\/td>\n<td>128<\/td>\n<\/tr>\n<\/tbody>\n<\/table>\n<div class=\"accordion-item\">\n<div id=\"collapseTwo\" class=\"accordion-collapse collapse show\" aria-labelledby=\"headingTwo\" data-bs-parent=\"#accordionExample\">\n<div class=\"accordion-body\">*Podane wymiary dotycz\u0105 sylwetki, a nie produkt\u00f3w<\/div>\n<\/div>\n<\/div>\n<div class=\"accordion-item\">\n<h2 id=\"headingThree\" class=\"accordion-header\"><\/h2>\n<\/div>\n","protected":false},"featured_media":2186,"template":"","meta":{"inline_featured_image":false},"product_brand":[],"product_cat":[17],"product_tag":[],"class_list":{"0":"post-1758","1":"product","2":"type-product","3":"status-publish","4":"has-post-thumbnail","6":"product_cat-men","8":"first","9":"instock","10":"taxable","11":"shipping-taxable","12":"purchasable","13":"product-type-variable","14":"has-default-attributes","15":"rtwpvg-product"},"_links":{"self":[{"href":"https:\/\/akademiaosteopatii.pl\/sklep\/wp-json\/wp\/v2\/product\/1758","targetHints":{"allow":["GET"]}}],"collection":[{"href":"https:\/\/akademiaosteopatii.pl\/sklep\/wp-json\/wp\/v2\/product"}],"about":[{"href":"https:\/\/akademiaosteopatii.pl\/sklep\/wp-json\/wp\/v2\/types\/product"}],"wp:featuredmedia":[{"embeddable":true,"href":"https:\/\/akademiaosteopatii.pl\/sklep\/wp-json\/wp\/v2\/media\/2186"}],"wp:attachment":[{"href":"https:\/\/akademiaosteopatii.pl\/sklep\/wp-json\/wp\/v2\/media?parent=1758"}],"wp:term":[{"taxonomy":"product_brand","embeddable":true,"href":"https:\/\/akademiaosteopatii.pl\/sklep\/wp-json\/wp\/v2\/product_brand?post=1758"},{"taxonomy":"product_cat","embeddable":true,"href":"https:\/\/akademiaosteopatii.pl\/sklep\/wp-json\/wp\/v2\/product_cat?post=1758"},{"taxonomy":"product_tag","embeddable":true,"href":"https:\/\/akademiaosteopatii.pl\/sklep\/wp-json\/wp\/v2\/product_tag?post=1758"}],"curies":[{"name":"wp","href":"https:\/\/api.w.org\/{rel}","templated":true}]}}