{"id":1756,"date":"2022-06-01T15:45:24","date_gmt":"2022-06-01T13:45:24","guid":{"rendered":"https:\/\/akademia-sklep.jellydev.pl\/produkt\/worek-sportowy-z-logo\/"},"modified":"2024-10-09T12:54:08","modified_gmt":"2024-10-09T10:54:08","slug":"worek-sportowy-z-logo","status":"publish","type":"product","link":"https:\/\/akademiaosteopatii.pl\/sklep\/produkt\/worek-sportowy-z-logo\/","title":{"rendered":"Worek sportowy"},"content":{"rendered":"<p>Worek ze sznurkiem wykonany z materia\u0142u RPET pochodz\u0105cego z recyklingu, zgodnego z certyfikatem GRS (Global Recycled Standard). Posiada wzmocnione naro\u017cniki, co zapewnia wi\u0119ksz\u0105 wytrzyma\u0142o\u015b\u0107 i trwa\u0142o\u015b\u0107. Idealny na codzienne u\u017cytkowanie, promuj\u0105c jednocze\u015bnie ekologiczne rozwi\u0105zania.<\/p>\n<p>Materia\u0142: RPET (z recyklingu)<br \/>\nCertyfikat: GRS (Global Recycled Standard)<\/p>\n","protected":false},"excerpt":{"rendered":"<p>Worek ze sznurkiem wykonany z materia\u0142u RPET pochodz\u0105cego z recyklingu, zgodnego z certyfikatem GRS (Global Recycled Standard). Posiada wzmocnione naro\u017cniki, co zapewnia wi\u0119ksz\u0105 wytrzyma\u0142o\u015b\u0107 i trwa\u0142o\u015b\u0107. Idealny na codzienne u\u017cytkowanie, promuj\u0105c jednocze\u015bnie ekologiczne rozwi\u0105zania. Materia\u0142: RPET (z recyklingu) Certyfikat: GRS (Global Recycled Standard)<\/p>\n","protected":false},"featured_media":2373,"template":"","meta":{"inline_featured_image":false},"product_brand":[],"product_cat":[18],"product_tag":[],"class_list":{"0":"post-1756","1":"product","2":"type-product","3":"status-publish","4":"has-post-thumbnail","6":"product_cat-accesories","8":"first","9":"instock","10":"taxable","11":"shipping-taxable","12":"purchasable","13":"product-type-simple"},"_links":{"self":[{"href":"https:\/\/akademiaosteopatii.pl\/sklep\/wp-json\/wp\/v2\/product\/1756","targetHints":{"allow":["GET"]}}],"collection":[{"href":"https:\/\/akademiaosteopatii.pl\/sklep\/wp-json\/wp\/v2\/product"}],"about":[{"href":"https:\/\/akademiaosteopatii.pl\/sklep\/wp-json\/wp\/v2\/types\/product"}],"wp:featuredmedia":[{"embeddable":true,"href":"https:\/\/akademiaosteopatii.pl\/sklep\/wp-json\/wp\/v2\/media\/2373"}],"wp:attachment":[{"href":"https:\/\/akademiaosteopatii.pl\/sklep\/wp-json\/wp\/v2\/media?parent=1756"}],"wp:term":[{"taxonomy":"product_brand","embeddable":true,"href":"https:\/\/akademiaosteopatii.pl\/sklep\/wp-json\/wp\/v2\/product_brand?post=1756"},{"taxonomy":"product_cat","embeddable":true,"href":"https:\/\/akademiaosteopatii.pl\/sklep\/wp-json\/wp\/v2\/product_cat?post=1756"},{"taxonomy":"product_tag","embeddable":true,"href":"https:\/\/akademiaosteopatii.pl\/sklep\/wp-json\/wp\/v2\/product_tag?post=1756"}],"curies":[{"name":"wp","href":"https:\/\/api.w.org\/{rel}","templated":true}]}}