{"id":1754,"date":"2022-06-01T15:45:24","date_gmt":"2022-06-01T13:45:24","guid":{"rendered":"https:\/\/akademia-sklep.jellydev.pl\/produkt\/toreba-plocienna-czarna-z-logo\/"},"modified":"2024-10-09T12:49:36","modified_gmt":"2024-10-09T10:49:36","slug":"toreba-plocienna-czarna-z-logo","status":"publish","type":"product","link":"https:\/\/akademiaosteopatii.pl\/sklep\/produkt\/toreba-plocienna-czarna-z-logo\/","title":{"rendered":"Torba p\u0142\u00f3cienna LOGO"},"content":{"rendered":"<p>Torba na zakupy wykonana z bawe\u0142ny o gramaturze 140 g\/m\u00b2, z d\u0142ugimi uchwytami, co u\u0142atwia jej noszenie na ramieniu. Idealna na codzienne zakupy lub jako praktyczny prezent. Dzi\u0119ki solidnemu materia\u0142owi, torba jest trwa\u0142a i wielokrotnego u\u017cytku.<\/p>\n<p>Materia\u0142: Bawe\u0142na<br \/>\nWymiary: 38 x 42 cm<\/p>\n","protected":false},"excerpt":{"rendered":"<p>Torba na zakupy wykonana z bawe\u0142ny o gramaturze 140 g\/m\u00b2, z d\u0142ugimi uchwytami, co u\u0142atwia jej noszenie na ramieniu. Idealna na codzienne zakupy lub jako praktyczny prezent. Dzi\u0119ki solidnemu materia\u0142owi, torba jest trwa\u0142a i wielokrotnego u\u017cytku. Materia\u0142: Bawe\u0142na Wymiary: 38 x 42 cm<\/p>\n","protected":false},"featured_media":2372,"template":"","meta":{"inline_featured_image":false},"product_brand":[],"product_cat":[18],"product_tag":[],"class_list":{"0":"post-1754","1":"product","2":"type-product","3":"status-publish","4":"has-post-thumbnail","6":"product_cat-accesories","8":"first","9":"instock","10":"taxable","11":"shipping-taxable","12":"purchasable","13":"product-type-simple"},"_links":{"self":[{"href":"https:\/\/akademiaosteopatii.pl\/sklep\/wp-json\/wp\/v2\/product\/1754","targetHints":{"allow":["GET"]}}],"collection":[{"href":"https:\/\/akademiaosteopatii.pl\/sklep\/wp-json\/wp\/v2\/product"}],"about":[{"href":"https:\/\/akademiaosteopatii.pl\/sklep\/wp-json\/wp\/v2\/types\/product"}],"wp:featuredmedia":[{"embeddable":true,"href":"https:\/\/akademiaosteopatii.pl\/sklep\/wp-json\/wp\/v2\/media\/2372"}],"wp:attachment":[{"href":"https:\/\/akademiaosteopatii.pl\/sklep\/wp-json\/wp\/v2\/media?parent=1754"}],"wp:term":[{"taxonomy":"product_brand","embeddable":true,"href":"https:\/\/akademiaosteopatii.pl\/sklep\/wp-json\/wp\/v2\/product_brand?post=1754"},{"taxonomy":"product_cat","embeddable":true,"href":"https:\/\/akademiaosteopatii.pl\/sklep\/wp-json\/wp\/v2\/product_cat?post=1754"},{"taxonomy":"product_tag","embeddable":true,"href":"https:\/\/akademiaosteopatii.pl\/sklep\/wp-json\/wp\/v2\/product_tag?post=1754"}],"curies":[{"name":"wp","href":"https:\/\/api.w.org\/{rel}","templated":true}]}}