{"id":1752,"date":"2022-06-01T15:45:24","date_gmt":"2022-06-01T13:45:24","guid":{"rendered":"https:\/\/akademia-sklep.jellydev.pl\/produkt\/bluza-meska-czarny-emblematy-zip\/"},"modified":"2024-12-13T09:44:03","modified_gmt":"2024-12-13T08:44:03","slug":"bluza-meska-czarny-emblematy-zip","status":"publish","type":"product","link":"https:\/\/akademiaosteopatii.pl\/sklep\/produkt\/bluza-meska-czarny-emblematy-zip\/","title":{"rendered":"Bluza ZIP IKON czarna\/bia\u0142a"},"content":{"rendered":"<p style=\"text-align: left;\">Dopasowana, m\u0119ska rozpinana bluza z kapturem. Na piersi posiada nadruk z emblematami Akademii Osteopatii, dwie zapinane kieszenie z przodu oraz \u015bci\u0105gacze. Wykonana z wysokiej jako\u015bci materia\u0142\u00f3w:<\/p>\n<p style=\"text-align: left;\">80% Bawe\u0142na organiczna, 20% Poliester z recyklingu<\/p>\n<p style=\"text-align: left;\">Gramatura: 280 g\/m2<\/p>\n<p style=\"text-align: left;\">Certfikaty: GOTS Fairtrade Cotton Nordic Swan Ecolabel Oeko-Tex<\/p>\n<p>Twoje zam\u00f3wienie zostanie zrealizowane do 21 dni roboczych po zaksi\u0119gowaniu wp\u0142aty.<\/p>\n<p style=\"text-align: left;\">\n","protected":false},"excerpt":{"rendered":"<p>*Rozmiar zani\u017cony (sugerujemy wyb\u00f3r wi\u0119kszego rozmiaru)<\/p>\n<table>\n<tbody>\n<tr>\n<td>Rozmiar<\/td>\n<td>S<\/td>\n<td>M<\/td>\n<td>L<\/td>\n<td>XL<\/td>\n<td>XXL<\/td>\n<td>3XL<\/td>\n<td>4XL<\/td>\n<\/tr>\n<tr>\n<td>b\/a<\/td>\n<td>68\/50<\/td>\n<td>70\/54<\/td>\n<td>72\/58<\/td>\n<td>74\/62<\/td>\n<td>76\/66<\/td>\n<td>78\/70<\/td>\n<td>80\/74<\/td>\n<\/tr>\n<\/tbody>\n<\/table>\n<p><img loading=\"lazy\" decoding=\"async\" class=\"alignnone wp-image-2350 \" src=\"https:\/\/akademia-sklep.jellydev.pl\/wp-content\/uploads\/2022\/06\/RM-300x300.png\" alt=\"\" width=\"264\" height=\"264\" srcset=\"https:\/\/akademiaosteopatii.pl\/sklep\/wp-content\/uploads\/2022\/06\/RM-300x300.png 300w, https:\/\/akademiaosteopatii.pl\/sklep\/wp-content\/uploads\/2022\/06\/RM-1024x1024.png 1024w, https:\/\/akademiaosteopatii.pl\/sklep\/wp-content\/uploads\/2022\/06\/RM-150x150.png 150w, https:\/\/akademiaosteopatii.pl\/sklep\/wp-content\/uploads\/2022\/06\/RM-768x768.png 768w, https:\/\/akademiaosteopatii.pl\/sklep\/wp-content\/uploads\/2022\/06\/RM-600x600.png 600w, https:\/\/akademiaosteopatii.pl\/sklep\/wp-content\/uploads\/2022\/06\/RM-100x100.png 100w, https:\/\/akademiaosteopatii.pl\/sklep\/wp-content\/uploads\/2022\/06\/RM.png 1080w\" sizes=\"auto, (max-width: 264px) 100vw, 264px\" \/><\/p>\n<p>&nbsp;<\/p>\n","protected":false},"featured_media":2201,"template":"","meta":{"inline_featured_image":false},"product_brand":[],"product_cat":[17],"product_tag":[],"class_list":{"0":"post-1752","1":"product","2":"type-product","3":"status-publish","4":"has-post-thumbnail","6":"product_cat-men","8":"first","9":"instock","10":"taxable","11":"shipping-taxable","12":"purchasable","13":"product-type-variable","14":"has-default-attributes","15":"rtwpvg-product"},"_links":{"self":[{"href":"https:\/\/akademiaosteopatii.pl\/sklep\/wp-json\/wp\/v2\/product\/1752","targetHints":{"allow":["GET"]}}],"collection":[{"href":"https:\/\/akademiaosteopatii.pl\/sklep\/wp-json\/wp\/v2\/product"}],"about":[{"href":"https:\/\/akademiaosteopatii.pl\/sklep\/wp-json\/wp\/v2\/types\/product"}],"wp:featuredmedia":[{"embeddable":true,"href":"https:\/\/akademiaosteopatii.pl\/sklep\/wp-json\/wp\/v2\/media\/2201"}],"wp:attachment":[{"href":"https:\/\/akademiaosteopatii.pl\/sklep\/wp-json\/wp\/v2\/media?parent=1752"}],"wp:term":[{"taxonomy":"product_brand","embeddable":true,"href":"https:\/\/akademiaosteopatii.pl\/sklep\/wp-json\/wp\/v2\/product_brand?post=1752"},{"taxonomy":"product_cat","embeddable":true,"href":"https:\/\/akademiaosteopatii.pl\/sklep\/wp-json\/wp\/v2\/product_cat?post=1752"},{"taxonomy":"product_tag","embeddable":true,"href":"https:\/\/akademiaosteopatii.pl\/sklep\/wp-json\/wp\/v2\/product_tag?post=1752"}],"curies":[{"name":"wp","href":"https:\/\/api.w.org\/{rel}","templated":true}]}}