{"id":1746,"date":"2022-06-01T15:45:24","date_gmt":"2022-06-01T13:45:24","guid":{"rendered":"https:\/\/akademia-sklep.jellydev.pl\/produkt\/bluza-uni-logo-black\/"},"modified":"2024-12-13T09:28:59","modified_gmt":"2024-12-13T08:28:59","slug":"bluza-uni-logo-black","status":"publish","type":"product","link":"https:\/\/akademiaosteopatii.pl\/sklep\/produkt\/bluza-uni-logo-black\/","title":{"rendered":"Bluza UNI LOGO czarna\/bia\u0142a"},"content":{"rendered":"<div class=\"flex-shrink-0 flex flex-col relative items-end\">\n<div>\n<div class=\"pt-0\">\n<div class=\"gizmo-bot-avatar flex h-8 w-8 items-center justify-center overflow-hidden rounded-full\">\n<div class=\"relative p-1 rounded-sm flex items-center justify-center bg-token-main-surface-primary text-token-text-primary h-8 w-8\">Klasyczna\u00a0 bluza o prostym kroju, wykonana z mi\u0119kkiej dzianiny, kt\u00f3ra zapewnia komfort i ciep\u0142o. Materia\u0142 od wewn\u0105trz jest szczotkowany, co dodatkowo zwi\u0119ksza mi\u0119kko\u015b\u0107. Dekolt, r\u0119kawy oraz d\u00f3\u0142 bluzy wyko\u0144czone s\u0105 dwuwarstwowym \u015bci\u0105gaczem rib 2&#215;2 z dodatkiem elastanu, co gwarantuje d\u0142u\u017csz\u0105 trwa\u0142o\u015b\u0107. Kark i ramiona wzmocnione ta\u015bm\u0105 stabilizuj\u0105c\u0105, zwi\u0119kszaj\u0105c\u0105 wytrzyma\u0142o\u015b\u0107 szw\u00f3w. Bluza posiada podw\u00f3jne, g\u0119ste szwy, wykonane z najwy\u017cszej jako\u015bci nici, co zapewnia d\u0142ug\u0105 \u017cywotno\u015b\u0107.<\/div>\n<\/div>\n<\/div>\n<\/div>\n<\/div>\n<div class=\"group\/conversation-turn relative flex w-full min-w-0 flex-col agent-turn\">\n<div class=\"flex-col gap-1 md:gap-3\">\n<div class=\"flex max-w-full flex-col flex-grow\">\n<div class=\"min-h-8 text-message flex w-full flex-col items-end gap-2 whitespace-normal break-words [.text-message+&amp;]:mt-5\" dir=\"auto\" data-message-author-role=\"assistant\" data-message-id=\"25e7dee6-d453-4a84-99e7-e7c37ae36455\" data-message-model-slug=\"gpt-4o\">\n<div class=\"flex w-full flex-col gap-1 empty:hidden first:pt-[3px]\">\n<div class=\"markdown prose w-full break-words dark:prose-invert light\">\n<p>Materia\u0142: 80% bawe\u0142na, 20% poliester<\/p>\n<p>Gramatura: 260 g\/m\u00b2<\/p>\n<\/div>\n<\/div>\n<\/div>\n<\/div>\n<\/div>\n<\/div>\n<p style=\"text-align: left;\">\n","protected":false},"excerpt":{"rendered":"<table dir=\"ltr\" border=\"1\" cellspacing=\"0\" cellpadding=\"0\" data-sheets-root=\"1\" data-sheets-baot=\"1\">\n<colgroup>\n<col width=\"100\" \/>\n<col width=\"100\" \/>\n<col width=\"100\" \/>\n<col width=\"100\" \/>\n<col width=\"100\" \/>\n<col width=\"100\" \/><\/colgroup>\n<tbody>\n<tr>\n<td>Rozmiar<\/td>\n<td>S<\/td>\n<td>M<\/td>\n<td>L<\/td>\n<td>XL<\/td>\n<td>XXL<\/td>\n<\/tr>\n<tr>\n<td>Wzrost<\/td>\n<td>168<\/td>\n<td>176<\/td>\n<td>182<\/td>\n<td>185<\/td>\n<td>188<\/td>\n<\/tr>\n<tr>\n<td>Klatka piersiowa<\/td>\n<td>93<\/td>\n<td>99<\/td>\n<td>106<\/td>\n<td>113<\/td>\n<td>120<\/td>\n<\/tr>\n<\/tbody>\n<\/table>\n<p>*Podane wymiary dotycz\u0105 sylwetki, a nie produkt\u00f3w<\/p>\n<p>&nbsp;<\/p>\n","protected":false},"featured_media":2055,"template":"","meta":{"inline_featured_image":false},"product_brand":[],"product_cat":[16,17],"product_tag":[],"class_list":{"0":"post-1746","1":"product","2":"type-product","3":"status-publish","4":"has-post-thumbnail","6":"product_cat-women","7":"product_cat-men","9":"first","10":"instock","11":"taxable","12":"shipping-taxable","13":"purchasable","14":"product-type-variable","15":"has-default-attributes","16":"rtwpvg-product"},"_links":{"self":[{"href":"https:\/\/akademiaosteopatii.pl\/sklep\/wp-json\/wp\/v2\/product\/1746","targetHints":{"allow":["GET"]}}],"collection":[{"href":"https:\/\/akademiaosteopatii.pl\/sklep\/wp-json\/wp\/v2\/product"}],"about":[{"href":"https:\/\/akademiaosteopatii.pl\/sklep\/wp-json\/wp\/v2\/types\/product"}],"wp:featuredmedia":[{"embeddable":true,"href":"https:\/\/akademiaosteopatii.pl\/sklep\/wp-json\/wp\/v2\/media\/2055"}],"wp:attachment":[{"href":"https:\/\/akademiaosteopatii.pl\/sklep\/wp-json\/wp\/v2\/media?parent=1746"}],"wp:term":[{"taxonomy":"product_brand","embeddable":true,"href":"https:\/\/akademiaosteopatii.pl\/sklep\/wp-json\/wp\/v2\/product_brand?post=1746"},{"taxonomy":"product_cat","embeddable":true,"href":"https:\/\/akademiaosteopatii.pl\/sklep\/wp-json\/wp\/v2\/product_cat?post=1746"},{"taxonomy":"product_tag","embeddable":true,"href":"https:\/\/akademiaosteopatii.pl\/sklep\/wp-json\/wp\/v2\/product_tag?post=1746"}],"curies":[{"name":"wp","href":"https:\/\/api.w.org\/{rel}","templated":true}]}}